{"id":289699,"date":"2025-05-26T20:12:20","date_gmt":"2025-05-26T18:12:20","guid":{"rendered":"https:\/\/www.kraamkado.nl\/?post_type=product&#038;p=289699"},"modified":"2026-02-16T11:11:19","modified_gmt":"2026-02-16T10:11:19","slug":"blokkentrein-eekhoorn-forest-friends-met-naam","status":"publish","type":"product","link":"https:\/\/kraamkado.nl\/en\/product\/blokkentrein-eekhoorn-forest-friends-met-naam\/","title":{"rendered":"Blokkentrein Eekhoorn &#8211; Forest Friends met naam"},"content":{"rendered":"<div class=\"product attribute overview\">\n<p>Choo choo! Verzamel alle lieve diertjes, paddenstoelen en schatten uit het bos en spring aan boord voor een magische reis. Stapel de blokken \u00e9\u00e9n voor \u00e9\u00e9n op de drie wagons van deze houten stapeltrein en ga op reis met de vriendjes van Forest Friends. De eekhoorn neemt het voortouw en zit vooraan. Welke paddenstoel volgt en waar hoort de dennenappel? Elk blok vormt een stukje van het verhaal van jouw verbeelding. Een leuke manier om te spelen en tegelijkertijd de hand-oogco\u00f6rdinatie te ontwikkelen. De trein bestaat uit 18 onderdelen en is ongeveer 45 cm lang. Op het blaadje kunnen wij de naam van het kindje neerzetten<\/p>\n<p>Afmetingen; 38,2x7x10,6 cm<br \/>\nLeeftijd: 18 maanden<br \/>\nLittle Dutch<\/p>\n<p>De gegevens worden rechtstreeks op het hout gegraveerd. De gravering is definitief en kunnen we dus niet meer aanpassen, let dus goed op alle gegevens die u invult<\/p>\n<p>&nbsp;<\/p>\n<\/div>\n<p>&nbsp;<\/p>","protected":false},"excerpt":{"rendered":"<p>Super leuke houten blokken trein met naam! Met allemaal verschillende blokken vormen in verschillende kleuren, kun je je eigen wagons maken.<\/p>","protected":false},"featured_media":289788,"comment_status":"open","ping_status":"closed","template":"","meta":[],"product_brand":[],"product_cat":[299,875,679,639,294,297,310],"product_tag":[336,746,764,319,620,320,640,672],"class_list":{"0":"post-289699","1":"product","2":"type-product","3":"status-publish","4":"has-post-thumbnail","6":"product_cat-babyspeelgoed","7":"product_cat-blokkentrein-met-naam","8":"product_cat-houten-speelgoed-met-naam","9":"product_cat-kraamcadeau-met-naam","10":"product_cat-losse-kraamkados","11":"product_cat-spelen","12":"product_cat-baby-speelgoed","13":"product_tag-blauw","14":"product_tag-blokkentrein","15":"product_tag-forest-friends","16":"product_tag-kraamkado","17":"product_tag-little-dutch","18":"product_tag-losse-kraamkados","19":"product_tag-met-naam","20":"product_tag-trein","22":"first","23":"instock","24":"taxable","25":"shipping-taxable","26":"purchasable","27":"product-type-simple"},"bundle_layout":"","bundled_by":[],"bundled_items":[],"_links":{"self":[{"href":"https:\/\/kraamkado.nl\/en\/wp-json\/wp\/v2\/product\/289699","targetHints":{"allow":["GET"]}}],"collection":[{"href":"https:\/\/kraamkado.nl\/en\/wp-json\/wp\/v2\/product"}],"about":[{"href":"https:\/\/kraamkado.nl\/en\/wp-json\/wp\/v2\/types\/product"}],"replies":[{"embeddable":true,"href":"https:\/\/kraamkado.nl\/en\/wp-json\/wp\/v2\/comments?post=289699"}],"wp:featuredmedia":[{"embeddable":true,"href":"https:\/\/kraamkado.nl\/en\/wp-json\/wp\/v2\/media\/289788"}],"wp:attachment":[{"href":"https:\/\/kraamkado.nl\/en\/wp-json\/wp\/v2\/media?parent=289699"}],"wp:term":[{"taxonomy":"product_brand","embeddable":true,"href":"https:\/\/kraamkado.nl\/en\/wp-json\/wp\/v2\/product_brand?post=289699"},{"taxonomy":"product_cat","embeddable":true,"href":"https:\/\/kraamkado.nl\/en\/wp-json\/wp\/v2\/product_cat?post=289699"},{"taxonomy":"product_tag","embeddable":true,"href":"https:\/\/kraamkado.nl\/en\/wp-json\/wp\/v2\/product_tag?post=289699"}],"curies":[{"name":"wp","href":"https:\/\/api.w.org\/{rel}","templated":true}]}}