{"id":284238,"date":"2024-03-11T21:06:21","date_gmt":"2024-03-11T20:06:21","guid":{"rendered":"https:\/\/www.kraamkado.nl\/?post_type=product&#038;p=284238"},"modified":"2025-11-21T16:09:39","modified_gmt":"2025-11-21T15:09:39","slug":"blokkentrein-egel-fairy-garden","status":"publish","type":"product","link":"https:\/\/kraamkado.nl\/en\/product\/blokkentrein-egel-fairy-garden\/","title":{"rendered":"Blokkentrein Egel &#8211; Fairy Garden met naam"},"content":{"rendered":"<div class=\"product attribute overview\">\n<p>Choo choo! Verzamel alle lieve diertjes, bloemen en schatten uit Fairy Garden en spring aan boord voor een magische reis. Stapel de blokken \u00e9\u00e9n voor \u00e9\u00e9n op de drie wagons van deze houten stapeltrein. De egel neemt het voortouw en zit vooraan. Welke bloem volgt en waar zit het lieveheersbeestje? Elk blok vormt een stukje van het verhaal van jouw verbeelding. Een leuke manier om te spelen en tegelijkertijd de hand-oogco\u00f6rdinatie te ontwikkelen. De trein bestaat uit 15 onderdelen en is ongeveer 45 cm lang.<\/p>\n<p>Afmetingen; 38,2x7x10,6 cm<br \/>\nLeeftijd: 18 maanden<br \/>\nLittle Dutch<\/p>\n<p>De gegevens worden rechtstreeks op het hout gegraveerd. De gravering is definitief en kunnen we dus niet meer aanpassen, let dus goed op alle gegevens die u invult<\/p>\n<p>&nbsp;<\/p>\n<\/div>\n<p>&nbsp;<\/p>","protected":false},"excerpt":{"rendered":"<p>Super leuke houten blokken trein met naam! Met alle verschillende blokken in verschillende kleuren, kun je je eigen wagons maken.<\/p>","protected":false},"featured_media":286800,"comment_status":"open","ping_status":"closed","template":"","meta":[],"product_brand":[],"product_cat":[299,875,679,639,294,310,297],"product_tag":[746,319,320,640,582,672],"class_list":{"0":"post-284238","1":"product","2":"type-product","3":"status-publish","4":"has-post-thumbnail","6":"product_cat-babyspeelgoed","7":"product_cat-blokkentrein-met-naam","8":"product_cat-houten-speelgoed-met-naam","9":"product_cat-kraamcadeau-met-naam","10":"product_cat-losse-kraamkados","11":"product_cat-baby-speelgoed","12":"product_cat-spelen","13":"product_tag-blokkentrein","14":"product_tag-kraamkado","15":"product_tag-losse-kraamkados","16":"product_tag-met-naam","17":"product_tag-rose","18":"product_tag-trein","20":"first","21":"outofstock","22":"taxable","23":"shipping-taxable","24":"purchasable","25":"product-type-simple"},"bundle_layout":"","bundled_by":[],"bundled_items":[],"_links":{"self":[{"href":"https:\/\/kraamkado.nl\/en\/wp-json\/wp\/v2\/product\/284238","targetHints":{"allow":["GET"]}}],"collection":[{"href":"https:\/\/kraamkado.nl\/en\/wp-json\/wp\/v2\/product"}],"about":[{"href":"https:\/\/kraamkado.nl\/en\/wp-json\/wp\/v2\/types\/product"}],"replies":[{"embeddable":true,"href":"https:\/\/kraamkado.nl\/en\/wp-json\/wp\/v2\/comments?post=284238"}],"wp:featuredmedia":[{"embeddable":true,"href":"https:\/\/kraamkado.nl\/en\/wp-json\/wp\/v2\/media\/286800"}],"wp:attachment":[{"href":"https:\/\/kraamkado.nl\/en\/wp-json\/wp\/v2\/media?parent=284238"}],"wp:term":[{"taxonomy":"product_brand","embeddable":true,"href":"https:\/\/kraamkado.nl\/en\/wp-json\/wp\/v2\/product_brand?post=284238"},{"taxonomy":"product_cat","embeddable":true,"href":"https:\/\/kraamkado.nl\/en\/wp-json\/wp\/v2\/product_cat?post=284238"},{"taxonomy":"product_tag","embeddable":true,"href":"https:\/\/kraamkado.nl\/en\/wp-json\/wp\/v2\/product_tag?post=284238"}],"curies":[{"name":"wp","href":"https:\/\/api.w.org\/{rel}","templated":true}]}}