{"id":279740,"date":"2023-05-15T22:44:44","date_gmt":"2023-05-15T20:44:44","guid":{"rendered":"http:\/\/www.kraamkado.nl\/?post_type=product&#038;p=279740"},"modified":"2026-03-20T14:58:59","modified_gmt":"2026-03-20T13:58:59","slug":"voedende-creme-baby-kids-75ml","status":"publish","type":"product","link":"https:\/\/kraamkado.nl\/en\/product\/voedende-creme-baby-kids-75ml\/","title":{"rendered":"Happy Earth 100% natuurlijke Voedende Cr\u00e8me Baby &amp; Kids 75ml"},"content":{"rendered":"<p>Happy Earth Voedende Cr\u00e8me bevat alleen 100% natuurlijke ingredi\u00ebnten die zijn gecertificeerd door Natrue. Daarnaast bevat de cr\u00e8me geen chemicali\u00ebn, zodat je zeker weet dat je geen schadelijke producten aanbrengt op de huid van jouw baby. De cr\u00e8me is ontwikkeld voor de droge en gevoelige huid en bevat rijke natuurlijke oli\u00ebn en shea-boter die helpen de huid te hydraten en te verzorgen. Het is extra mild voor de gevoelige huid van baby\u2019s en kinderen en is direct te gebruiken vanaf de geboorte. De cr\u00e8me heeft een heerlijk, allergeenvrijparfum en bevat een plantaardige huidverzachter. Na gebruik van deze cr\u00e8me is de huid van je baby weer helemaal zacht en ruikt heerlijk.<\/p>\n<p>Dit product is, net als alle andere producten van Happy Earth, gecertificeerd vegan en microplasticvrij. De verpakking is een 100% biobased tube gemaakt van suikerriet en wij produceren al onze producten lokaal in Nederland met groene energie.<\/p>\n<ul style=\"font-weight: 400\">\n<li>\n<div id=\"shopify-block-32218d5f-6082-4ddc-addb-646c00162fbc\">\n<div id=\"shopify-block-32218d5f-6082-4ddc-addb-646c00162fbc\" class=\"shopify-block shopify-app-block\">\n<div id=\"easy-embed-app-block-content-wrapper-32218d5f-6082-4ddc-addb-646c00162fbc\" class=\"easy-embed-app-block-content-wrapper\" data-block-id=\"32218d5f-6082-4ddc-addb-646c00162fbc\">\n<p>* 100% natuurlijke ingredi\u00ebnten<br \/>\n* Met sheaboter, zonnebloemolie en bisabolol<br \/>\n* Geschikt voor pasgeborenen<br \/>\n* Vegan en NATRUE gecertificeerd<br \/>\n* Geen microplastics en zonder andere chemicali\u00ebn<br \/>\n* Heerlijke geur (allergeenvrij)<br \/>\n* Tube gemaakt van suikerriet<br \/>\n* Geproduceerd in NL met groene energie<\/p>\n<\/div>\n<\/div>\n<\/div>\n<\/li>\n<\/ul>\n<p><strong>100% natuurlijke ingredi\u00ebnten<\/strong><\/p>\n<p>Aqua, Helianthus Annuus Hybrid Oil*, Coco-Caprylate\/ Caprate, Butyrospermum Parkii Butter*, Cetearyl Alcohol, Glycerin, Myristyl Myristate, Glyceryl Stearate, Glyceryl Stearate Citrate, Parfum, Glyceryl Stearate SE, Stearic Acid, Palmitic Acid, Sodium Cetearyl Sulfate, Xanthan Gum, Tocopherol, Helianthus Annuus Seed Oil*, Bisabolol, Levulinic Acid, Sodium Levulinate, Potassium Sorbate, Sodium Anisate, Citric Acid.<\/p>","protected":false},"excerpt":{"rendered":"<p>Happy Earth Voedende Cr\u00e8me bevat alleen 100% natuurlijke ingredi\u00ebnten die zijn gecertificeerd door Natrue.<\/p>","protected":false},"featured_media":279743,"comment_status":"open","ping_status":"closed","template":"","meta":[],"product_brand":[],"product_cat":[304,294,307],"product_tag":[717,465,442],"class_list":{"0":"post-279740","1":"product","2":"type-product","3":"status-publish","4":"has-post-thumbnail","6":"product_cat-verzorging","7":"product_cat-losse-kraamkados","8":"product_cat-baby-verzorging","9":"product_tag-happy-earth","10":"product_tag-verzorgende-creme","11":"product_tag-verzorgingsproducten","13":"first","14":"instock","15":"taxable","16":"shipping-taxable","17":"purchasable","18":"product-type-simple"},"bundle_layout":"","bundled_by":["254669","211221","211252","254036"],"bundled_items":[],"_links":{"self":[{"href":"https:\/\/kraamkado.nl\/en\/wp-json\/wp\/v2\/product\/279740","targetHints":{"allow":["GET"]}}],"collection":[{"href":"https:\/\/kraamkado.nl\/en\/wp-json\/wp\/v2\/product"}],"about":[{"href":"https:\/\/kraamkado.nl\/en\/wp-json\/wp\/v2\/types\/product"}],"replies":[{"embeddable":true,"href":"https:\/\/kraamkado.nl\/en\/wp-json\/wp\/v2\/comments?post=279740"}],"wp:featuredmedia":[{"embeddable":true,"href":"https:\/\/kraamkado.nl\/en\/wp-json\/wp\/v2\/media\/279743"}],"wp:attachment":[{"href":"https:\/\/kraamkado.nl\/en\/wp-json\/wp\/v2\/media?parent=279740"}],"wp:term":[{"taxonomy":"product_brand","embeddable":true,"href":"https:\/\/kraamkado.nl\/en\/wp-json\/wp\/v2\/product_brand?post=279740"},{"taxonomy":"product_cat","embeddable":true,"href":"https:\/\/kraamkado.nl\/en\/wp-json\/wp\/v2\/product_cat?post=279740"},{"taxonomy":"product_tag","embeddable":true,"href":"https:\/\/kraamkado.nl\/en\/wp-json\/wp\/v2\/product_tag?post=279740"}],"curies":[{"name":"wp","href":"https:\/\/api.w.org\/{rel}","templated":true}]}}