{"id":279734,"date":"2023-05-15T22:33:56","date_gmt":"2023-05-15T20:33:56","guid":{"rendered":"http:\/\/www.kraamkado.nl\/?post_type=product&#038;p=279734"},"modified":"2026-04-01T16:04:33","modified_gmt":"2026-04-01T14:04:33","slug":"billencreme-happy-earth-100-natuurlijk","status":"publish","type":"product","link":"https:\/\/kraamkado.nl\/en\/product\/billencreme-happy-earth-100-natuurlijk\/","title":{"rendered":"Happy Earth 100% Natuurlijke Zink Billencr\u00e8me Baby 75 ml"},"content":{"rendered":"<ul>\n<li>* 100% natuurlijke ingredi\u00ebnten<br \/>\n* Met zinkoxide, sheaboter, zonnebloemolie en bisabolol<br \/>\n* Geschikt voor pasgeborenen<br \/>\n* Vegan en NATRUE gecertificeerd<br \/>\n* Geen microplastics en zonder andere chemicali\u00ebn<br \/>\n* Parfumvrij<br \/>\n* Tube gemaakt van suikerriet<br \/>\n* Geproduceerd in NL met groene energie<\/li>\n<\/ul>\n<p>Happy Earth Zink Billencr\u00e8me zonder parfum bestaat alleen uit 100% natuurlijke ingredi\u00ebnten die zijn gecertificeerd door Natrue. De billencr\u00e8me bevat geen parfum of chemicali\u00ebn, zodat je zeker weet dat je geen schadelijke producten aanbrengt op de huid van jouw baby en daardoor is deze cr\u00e8me ook te gebruiken bij ge\u00efrriteerde billen.<\/p>\n<p>De billencr\u00e8me bevat maar liefst 20% zinkoxide en fair trade sheaboter die helpen de huid te hydraten en te verzorgen. Het is extra mild voor de gevoelige huid van baby\u2019s en kinderen en is direct te gebruiken vanaf de geboorte. Deze geheel natuurlijke en zachte zalf is parfumvrij, smeert fijn en legt een beschermd laagje aan tussen de luier en de baby billen.<\/p>\n<p>Dit product is, net als alle andere producten van Happy Earth, gecertificeerd vegan en microplasticvrij. De verpakking is een 100% biobased tube gemaakt van suikerriet en wij produceren al onze producten lokaal in Nederland met groene energie.<\/p>\n<div id=\"shopify-section-template--18482642977094__product-description\" class=\"shopify-section\">\n<div class=\"wrapper-padded product-description-container\">\n<div class=\"product-description product-description_full-width rte\">\n<p><strong>100% natuurlijke ingredi\u00ebnten<\/strong><\/p>\n<p>Aqua, Zinc oxide, Helianthus Annuus Hybrid Oil*, Butyrospermum Parkii Butter, Coco-Caprylate\/ Caprate, Glycerin, Cetearyl Alcohol, Glyceryl Stearate, Glyceryl Stearate Citrate, Arachidyl Alcohol, Behenyl Alcohol, Arachidyl Glucoside, Sodium Cetearyl Sulfate, Polyglyceryl-4 Caprate, Xanthan Gum, Tocopherol, Helianthus Annuus Seed Oil*, Bisabolol, Sorbitan Caprylate, Propanediol, Benzoic Acid, Citric Acid.<\/p>\n<p>* Natural oil<\/p>\n<\/div>\n<\/div>\n<\/div>\n<div id=\"shopify-section-template--18482642977094__product-recommendations\" class=\"shopify-section\">\n<div class=\"product-recommendations\" data-product-id=\"7666248581318\" data-limit=\"8\" data-recommendations-url=\"\/recommendations\/products\" data-wetheme-section-type=\"template--product--recommendations\" data-wetheme-section-id=\"template--18482642977094__product-recommendations\">\n<div class=\"product-page-related-products product-sticker-stop\">\n<div class=\"wrapper-padded\"><\/div>\n<\/div>\n<\/div>\n<\/div>","protected":false},"excerpt":{"rendered":"<p>Happy Earth billencr\u00e8me, voor de verzorging van de billetjes.<\/p>","protected":false},"featured_media":279737,"comment_status":"open","ping_status":"closed","template":"","meta":[],"product_brand":[],"product_cat":[304,309,294,307],"product_tag":[443,456,444,717,442],"class_list":{"0":"post-279734","1":"product","2":"type-product","3":"status-publish","4":"has-post-thumbnail","6":"product_cat-verzorging","7":"product_cat-baby-bad","8":"product_cat-losse-kraamkados","9":"product_cat-baby-verzorging","10":"product_tag-babyverzorging","11":"product_tag-billencreme","12":"product_tag-billenzalf","13":"product_tag-happy-earth","14":"product_tag-verzorgingsproducten","16":"first","17":"instock","18":"taxable","19":"shipping-taxable","20":"purchasable","21":"product-type-simple"},"bundle_layout":"","bundled_by":["273153"],"bundled_items":[],"_links":{"self":[{"href":"https:\/\/kraamkado.nl\/en\/wp-json\/wp\/v2\/product\/279734","targetHints":{"allow":["GET"]}}],"collection":[{"href":"https:\/\/kraamkado.nl\/en\/wp-json\/wp\/v2\/product"}],"about":[{"href":"https:\/\/kraamkado.nl\/en\/wp-json\/wp\/v2\/types\/product"}],"replies":[{"embeddable":true,"href":"https:\/\/kraamkado.nl\/en\/wp-json\/wp\/v2\/comments?post=279734"}],"wp:featuredmedia":[{"embeddable":true,"href":"https:\/\/kraamkado.nl\/en\/wp-json\/wp\/v2\/media\/279737"}],"wp:attachment":[{"href":"https:\/\/kraamkado.nl\/en\/wp-json\/wp\/v2\/media?parent=279734"}],"wp:term":[{"taxonomy":"product_brand","embeddable":true,"href":"https:\/\/kraamkado.nl\/en\/wp-json\/wp\/v2\/product_brand?post=279734"},{"taxonomy":"product_cat","embeddable":true,"href":"https:\/\/kraamkado.nl\/en\/wp-json\/wp\/v2\/product_cat?post=279734"},{"taxonomy":"product_tag","embeddable":true,"href":"https:\/\/kraamkado.nl\/en\/wp-json\/wp\/v2\/product_tag?post=279734"}],"curies":[{"name":"wp","href":"https:\/\/api.w.org\/{rel}","templated":true}]}}