{"id":265651,"date":"2022-05-24T12:01:45","date_gmt":"2022-05-24T10:01:45","guid":{"rendered":"http:\/\/www.kraamkado.nl\/?post_type=product&#038;p=265651"},"modified":"2024-06-25T14:04:29","modified_gmt":"2024-06-25T12:04:29","slug":"hydrofiel-monddoekjes-savannah","status":"publish","type":"product","link":"https:\/\/kraamkado.nl\/en\/product\/hydrofiel-monddoekjes-savannah\/","title":{"rendered":"Monddoekjes Savannah (3 stuks)"},"content":{"rendered":"<p>Deze hydrofiele monddoekjes zijn handig om te gebruiken bij het voeden van jouw kleine baby. Het formaat ligt makkelijk in de hand en de hydrofiele stof is zacht voor de huid. Je dept het mondje eenvoudig schoon zonder de tere huid te beschadigen. De monddoekjes (ook wel spuugdoekjes genoemd) zijn multifunctioneel. Gebruik ze bijvoorbeeld als waslapjes tijdens het badderen of knoop zo\u2019n hydrofiel doekje als speendoekje vast aan een fopspeen.<\/p>\n<p>De monddoekjes worden geleverd in een 3-pack. Twee van de monddoekjes in de verpakking hebben het olifanten printje en \u00e9\u00e9n monddoek heeft de uni kleur bruin (chestnut). De doekjes kun je lekker heet uitwassen zodat ze altijd weer hygi\u00ebnisch te gebruiken zijn. Je mag ze wel strijken maar slim om dat juist niet te doen. Ongestreken hydrofiel doeken nemen meer vocht op.<\/p>\n<ul>\n<li><span style=\"color: #323232\">kleur: ecru \/ bruin<\/span><\/li>\n<li>materiaal: 100% katoen<\/li>\n<li>wasvoorschrift: Wasbaar tot 60 graden. Kan gedroogd worden in de droger en je mag het strijken. Het waslabel vertelt alle wasinstructies.<\/li>\n<li>maat: 31 x 31 cm<\/li>\n<\/ul>\n<p><span style=\"font-size: 14.4px\">Merk: Jollein<\/span><\/p>","protected":false},"excerpt":{"rendered":"<p>Met deze hydrofiele monddoekjes heb je een multifunctionele doek in huis. De trendy print met olifantjes geeft de doek een persoonlijk tintje.<\/p>","protected":false},"featured_media":265652,"comment_status":"open","ping_status":"closed","template":"","meta":[],"product_brand":[],"product_cat":[304,285,309,294],"product_tag":[389,417,333,690,319,370],"class_list":{"0":"post-265651","1":"product","2":"type-product","3":"status-publish","4":"has-post-thumbnail","6":"product_cat-verzorging","7":"product_cat-babytextiel","8":"product_cat-baby-bad","9":"product_cat-losse-kraamkados","10":"product_tag-badderen","11":"product_tag-bruin","12":"product_tag-ecru","13":"product_tag-jollein","14":"product_tag-kraamkado","15":"product_tag-olifant","17":"first","18":"outofstock","19":"taxable","20":"shipping-taxable","21":"purchasable","22":"product-type-simple"},"bundle_layout":"","bundled_by":[],"bundled_items":[],"_links":{"self":[{"href":"https:\/\/kraamkado.nl\/en\/wp-json\/wp\/v2\/product\/265651","targetHints":{"allow":["GET"]}}],"collection":[{"href":"https:\/\/kraamkado.nl\/en\/wp-json\/wp\/v2\/product"}],"about":[{"href":"https:\/\/kraamkado.nl\/en\/wp-json\/wp\/v2\/types\/product"}],"replies":[{"embeddable":true,"href":"https:\/\/kraamkado.nl\/en\/wp-json\/wp\/v2\/comments?post=265651"}],"wp:featuredmedia":[{"embeddable":true,"href":"https:\/\/kraamkado.nl\/en\/wp-json\/wp\/v2\/media\/265652"}],"wp:attachment":[{"href":"https:\/\/kraamkado.nl\/en\/wp-json\/wp\/v2\/media?parent=265651"}],"wp:term":[{"taxonomy":"product_brand","embeddable":true,"href":"https:\/\/kraamkado.nl\/en\/wp-json\/wp\/v2\/product_brand?post=265651"},{"taxonomy":"product_cat","embeddable":true,"href":"https:\/\/kraamkado.nl\/en\/wp-json\/wp\/v2\/product_cat?post=265651"},{"taxonomy":"product_tag","embeddable":true,"href":"https:\/\/kraamkado.nl\/en\/wp-json\/wp\/v2\/product_tag?post=265651"}],"curies":[{"name":"wp","href":"https:\/\/api.w.org\/{rel}","templated":true}]}}