{"id":260900,"date":"2022-02-01T21:20:34","date_gmt":"2022-02-01T20:20:34","guid":{"rendered":"http:\/\/www.kraamkado.nl\/?post_type=product&#038;p=260900"},"modified":"2022-08-20T12:13:49","modified_gmt":"2022-08-20T10:13:49","slug":"speen-pop-go-blush","status":"publish","type":"product","link":"https:\/\/kraamkado.nl\/en\/product\/speen-pop-go-blush\/","title":{"rendered":"Speen Pop &#038; Go | Blush"},"content":{"rendered":"<p>Een fopspeen kan om diverse redenen erg behulpzaam zijn voor je kindje. Er kan een zuigbehoefte zijn maar lekker sabbelen op een speentje kan ook troost en ontspanning geven. Bijvoorbeeld bij die ellendige buikkrampjes, of een spannende droom; even sabbelen kan rust geven. Of jouw kindje nou wel of geen fopspeen gebruikt, het is jullie keuze. Heeft jouw kindje wel die behoefte dan is de Pop &amp; Go Blush een erg fijne fopspeen. Deze uniek ontworpen speen door Doddle &amp; Co is niet alleen een speen, het is ook een hoesje in \u00e9\u00e9n. Super handig en hygi\u00ebnisch!<\/p>\n<p>De speen is gemaakt van 100% silicone. Dat maakt de fopspeen heel sterk en er is geen kans op allergie. Door het slimme en mooie design is het makkelijk om de speen te \u201cpoppen\u201d met een hoesje er om heen. Maar tegelijk is dit voor een kindje niet makkelijk zelf te doen. Geen zorgen dus als je kindje lekker aan het sabbelen is, de speen behoudt zijn vorm. De fopspeen kan in de vaatwasser!<\/p>\n<p>Doordat je het sabbel gedeelte van de fopspeen zo simpel kan afschermen, is dit een ideale speen voor onderweg. Maakt je kindje even geen gebruik er van? Hup \u201cpop\u201d de bescherming er om heen. Hygi\u00ebnisch en veilig.<\/p>\n<ul>\n<li class=\"clearfix\">Geschikt vanaf 0 maanden \/ veilig voor newborn<\/li>\n<li>Mag in de vaatwasser<\/li>\n<li>Gemaakt van 100% silicone zonder PVC, BPA, Latex of phthalaten<\/li>\n<li>Knijp om de speen weg te stoppen in het omhulsel (zie afbeelding)<\/li>\n<li>Kan met een speenkoord gebruikt worden<\/li>\n<li>Kleur blush<\/li>\n<\/ul>","protected":false},"excerpt":{"rendered":"<p>Duurzame fopspeen en hoesje in 1! Geschikt vanaf 0 maanden en mag in de vaatwasser.<\/p>","protected":false},"featured_media":260905,"comment_status":"closed","ping_status":"closed","template":"","meta":[],"product_brand":[],"product_cat":[304,426,294,308,307],"product_tag":[695,319,320,582,694],"class_list":{"0":"post-260900","1":"product","2":"type-product","3":"status-publish","4":"has-post-thumbnail","6":"product_cat-verzorging","7":"product_cat-bijt-en-badspeeltjes","8":"product_cat-losse-kraamkados","9":"product_cat-slapen","10":"product_cat-baby-verzorging","11":"product_tag-doddle-co","12":"product_tag-kraamkado","13":"product_tag-losse-kraamkados","14":"product_tag-rose","15":"product_tag-speen","17":"first","18":"outofstock","19":"taxable","20":"shipping-taxable","21":"purchasable","22":"product-type-simple"},"bundle_layout":"","bundled_by":[],"bundled_items":[],"_links":{"self":[{"href":"https:\/\/kraamkado.nl\/en\/wp-json\/wp\/v2\/product\/260900","targetHints":{"allow":["GET"]}}],"collection":[{"href":"https:\/\/kraamkado.nl\/en\/wp-json\/wp\/v2\/product"}],"about":[{"href":"https:\/\/kraamkado.nl\/en\/wp-json\/wp\/v2\/types\/product"}],"replies":[{"embeddable":true,"href":"https:\/\/kraamkado.nl\/en\/wp-json\/wp\/v2\/comments?post=260900"}],"wp:featuredmedia":[{"embeddable":true,"href":"https:\/\/kraamkado.nl\/en\/wp-json\/wp\/v2\/media\/260905"}],"wp:attachment":[{"href":"https:\/\/kraamkado.nl\/en\/wp-json\/wp\/v2\/media?parent=260900"}],"wp:term":[{"taxonomy":"product_brand","embeddable":true,"href":"https:\/\/kraamkado.nl\/en\/wp-json\/wp\/v2\/product_brand?post=260900"},{"taxonomy":"product_cat","embeddable":true,"href":"https:\/\/kraamkado.nl\/en\/wp-json\/wp\/v2\/product_cat?post=260900"},{"taxonomy":"product_tag","embeddable":true,"href":"https:\/\/kraamkado.nl\/en\/wp-json\/wp\/v2\/product_tag?post=260900"}],"curies":[{"name":"wp","href":"https:\/\/api.w.org\/{rel}","templated":true}]}}