{"id":215647,"date":"2019-11-15T16:30:55","date_gmt":"2019-11-15T15:30:55","guid":{"rendered":"http:\/\/www.kraamkado.nl\/?post_type=product&#038;p=215647"},"modified":"2023-11-22T12:38:50","modified_gmt":"2023-11-22T11:38:50","slug":"naif-bath-bombs","status":"publish","type":"product","link":"https:\/\/kraamkado.nl\/en\/product\/naif-bath-bombs\/","title":{"rendered":"Na\u00eff Bath Bombs"},"content":{"rendered":"<ul>\n<li>Na\u00eff Birthday Edition!<\/li>\n<li>Voor extra plezier in bad<\/li>\n<li>Bruisende werking zonder SLS<\/li>\n<li>Geschikt voor de droge huid en bij eczeem<\/li>\n<\/ul>\n<p>Kleine kinderen zijn gek op badderen en doen dit het liefst iedere dag. Maar water kan de kwetsbare kinderhuid ook uitdrogen. Daarom bevatten de Splashing Bath Bombs verzorgende, natuurlijke oli\u00ebn voor je dagelijkse portie badplezier. Doordat ze geen harde schuimmiddelen, zoals SLS\/SLES, bevatten zijn de badtabletten ook geschikt voor kids met een droge huid en eczeem. <em>Go get \u2018m in their birthday suit!\u00a0<\/em><\/p>\n<p><strong>Hoe je ze gebruikt?<\/strong> Haal een tablet uit de verpakking en gooi \u2018m in het bad (lauwwarm water). Hij zal gaan bruisen en het water een heerlijk, geurend schuimlaagje geven. Uiteraard mag de bekende, allergeenvrije Na\u00eff geur niet ontbreken. En\u00a0spring er zelf ook gewoon bij.<\/p>\n<p><strong>8 stuks in een doosje<\/strong><\/p>\n<p>Er is een \u2018<em>bath bomb<\/em>\u2018 voor iedere dag van de week, pl\u00fas nog \u00e9\u00e9n extra voor jezelf\u00a0<img decoding=\"async\" class=\"emoji\" src=\"https:\/\/s.w.org\/images\/core\/emoji\/12.0.0-1\/svg\/1f609.svg\" alt=\"????\" \/><\/p>","protected":false},"excerpt":{"rendered":"<p>Nai\u0308f bath Bombs, heerlijk bruis tabletten voor in bad<\/p>","protected":false},"featured_media":223550,"comment_status":"open","ping_status":"closed","template":"","meta":[],"product_brand":[],"product_cat":[304,309,294],"product_tag":[583,625,421,442],"class_list":{"0":"post-215647","1":"product","2":"type-product","3":"status-publish","4":"has-post-thumbnail","6":"product_cat-verzorging","7":"product_cat-baby-bad","8":"product_cat-losse-kraamkados","9":"product_tag-bad","10":"product_tag-bath","11":"product_tag-naif","12":"product_tag-verzorgingsproducten","14":"first","15":"outofstock","16":"taxable","17":"shipping-taxable","18":"purchasable","19":"product-type-simple"},"bundle_layout":"","bundled_by":[],"bundled_items":[],"_links":{"self":[{"href":"https:\/\/kraamkado.nl\/en\/wp-json\/wp\/v2\/product\/215647","targetHints":{"allow":["GET"]}}],"collection":[{"href":"https:\/\/kraamkado.nl\/en\/wp-json\/wp\/v2\/product"}],"about":[{"href":"https:\/\/kraamkado.nl\/en\/wp-json\/wp\/v2\/types\/product"}],"replies":[{"embeddable":true,"href":"https:\/\/kraamkado.nl\/en\/wp-json\/wp\/v2\/comments?post=215647"}],"wp:featuredmedia":[{"embeddable":true,"href":"https:\/\/kraamkado.nl\/en\/wp-json\/wp\/v2\/media\/223550"}],"wp:attachment":[{"href":"https:\/\/kraamkado.nl\/en\/wp-json\/wp\/v2\/media?parent=215647"}],"wp:term":[{"taxonomy":"product_brand","embeddable":true,"href":"https:\/\/kraamkado.nl\/en\/wp-json\/wp\/v2\/product_brand?post=215647"},{"taxonomy":"product_cat","embeddable":true,"href":"https:\/\/kraamkado.nl\/en\/wp-json\/wp\/v2\/product_cat?post=215647"},{"taxonomy":"product_tag","embeddable":true,"href":"https:\/\/kraamkado.nl\/en\/wp-json\/wp\/v2\/product_tag?post=215647"}],"curies":[{"name":"wp","href":"https:\/\/api.w.org\/{rel}","templated":true}]}}