{"id":214465,"date":"2019-10-02T11:55:11","date_gmt":"2019-10-02T09:55:11","guid":{"rendered":"http:\/\/www.kraamkado.nl\/?post_type=product&#038;p=214465"},"modified":"2020-09-04T13:26:15","modified_gmt":"2020-09-04T11:26:15","slug":"vette-creme-petit-jolie","status":"publish","type":"product","link":"https:\/\/kraamkado.nl\/en\/product\/vette-creme-petit-jolie\/","title":{"rendered":"Vette Cr\u00e8me Petit &amp; Jolie"},"content":{"rendered":"<h4><strong>Last van (zeer) droge huid en\/of wangen?<\/strong><\/h4>\n<p><strong>\u200b<\/strong>\u200bJe kent het wel door zon, zee, strand of door de koud kan de huid een trekkerig gevoel geven of zelfs schilferen. Bij kindjes zie je dit vaak op de wangen of knieholtes. De droge plekjes gaan soms ook jeuken en dat wil je al helemaal niet. De vette cr\u00e8me is juist hiervoor zeer geschikt.<\/p>\n<h4><strong>\u200bVette creme is ideaal voor de droge huid<\/strong><\/h4>\n<p>Petit&amp;Jolie Vette Cr\u00e8me is een voedende en hydraterende cr\u00e8me speciaal voor de tere (baby)huid. De cr\u00e8me biedt extra verzorging en bescherming door de unieke samenstelling van o.a. biologisch geteelde shea butter en amandelolie. Vette Cr\u00e8me is zeer geschikt voor baby\u2019s met een droge of gevoelige huid en is zowel voor het gezicht als voor het lichaam te gebruiken.<\/p>\n<p><strong>Gebruiksaanwijzing Vette Cr\u00e8me:<\/strong><br \/>\nBreng dagelijks de vette cr\u00e8me op de droge babyhuid aan. De vette\u00a0cr\u00e8me mag zichtbaar blijven op de huid. Deze trekt vanzelf weg.<\/p>\n<p><strong>Inhoud:<\/strong>\u00a075ml<\/p>\n<p><strong>Ingredients (INCI):\u00a0\u00a0<\/strong>Aqua, Glycerin, Helianthus Annuus Hybrid Oil*, Simmondsia Chinensis Seed Oil*, Pentylene Glycol, Cetearyl Alcohol, Prunus Amygdalus Dulcis Oil*, Squalane, Butyrospermum Parkii Butter*, Cetyl Palmitate, Glyceryl Stearate Citrate, Polyglyceryl-3 Stearate, Acacia Decurrens\/Jojoba\/Sunflower Seed Wax\/Polyglyceryl-3 Esters, Palmitic Acid, Stearic Acid, Limnanthes Alba Seed Oil, Sodium Polyphosphat, Dipotassium Glycyrrhizate, Helianthus Annuus Seed Oil, Sodium Hyaluronate, Tocopherol, Sodium Levulinate, Xanthan Gum, Sodium Anisate, Parfum **, Oryzanol<\/p>\n<p>* = organic<\/p>\n<p>** from natural essential oils<\/p>","protected":false},"excerpt":{"rendered":"<p>Petit&amp;Jolie Vette Cr\u00e8me is een voedende en hydraterende cr\u00e8me speciaal voor de tere (baby)huid.<\/p>","protected":false},"featured_media":214466,"comment_status":"open","ping_status":"closed","template":"","meta":[],"product_brand":[],"product_cat":[304,294,307],"product_tag":[445,443,444,422,442],"class_list":{"0":"post-214465","1":"product","2":"type-product","3":"status-publish","4":"has-post-thumbnail","6":"product_cat-verzorging","7":"product_cat-losse-kraamkados","8":"product_cat-baby-verzorging","9":"product_tag-babycreme","10":"product_tag-babyverzorging","11":"product_tag-billenzalf","12":"product_tag-petit-jolie","13":"product_tag-verzorgingsproducten","15":"first","16":"outofstock","17":"taxable","18":"shipping-taxable","19":"purchasable","20":"product-type-simple"},"bundle_layout":"","bundled_by":[],"bundled_items":[],"_links":{"self":[{"href":"https:\/\/kraamkado.nl\/en\/wp-json\/wp\/v2\/product\/214465","targetHints":{"allow":["GET"]}}],"collection":[{"href":"https:\/\/kraamkado.nl\/en\/wp-json\/wp\/v2\/product"}],"about":[{"href":"https:\/\/kraamkado.nl\/en\/wp-json\/wp\/v2\/types\/product"}],"replies":[{"embeddable":true,"href":"https:\/\/kraamkado.nl\/en\/wp-json\/wp\/v2\/comments?post=214465"}],"wp:featuredmedia":[{"embeddable":true,"href":"https:\/\/kraamkado.nl\/en\/wp-json\/wp\/v2\/media\/214466"}],"wp:attachment":[{"href":"https:\/\/kraamkado.nl\/en\/wp-json\/wp\/v2\/media?parent=214465"}],"wp:term":[{"taxonomy":"product_brand","embeddable":true,"href":"https:\/\/kraamkado.nl\/en\/wp-json\/wp\/v2\/product_brand?post=214465"},{"taxonomy":"product_cat","embeddable":true,"href":"https:\/\/kraamkado.nl\/en\/wp-json\/wp\/v2\/product_cat?post=214465"},{"taxonomy":"product_tag","embeddable":true,"href":"https:\/\/kraamkado.nl\/en\/wp-json\/wp\/v2\/product_tag?post=214465"}],"curies":[{"name":"wp","href":"https:\/\/api.w.org\/{rel}","templated":true}]}}