{"id":211119,"date":"2019-04-27T21:23:41","date_gmt":"2019-04-27T19:23:41","guid":{"rendered":"http:\/\/www.kraamkado.nl\/?post_type=product&#038;p=211119"},"modified":"2023-08-01T14:46:09","modified_gmt":"2023-08-01T12:46:09","slug":"johnny-doodle-coconut-crunch","status":"publish","type":"product","link":"https:\/\/kraamkado.nl\/en\/product\/johnny-doodle-coconut-crunch\/","title":{"rendered":"Johnny Doodle Dark Coconut Crunch"},"content":{"rendered":"<p>Johnny&#8217;s Chef werd ge\u00efnspireerd tijdens een bezoek in Noord-Itali\u00eb, waar hij bergen glimmende witte kokosparels zag. Hij wist dat hij dit geheim niet voor zichzelf kon bewaren, en cre\u00eberde deze reep. Deze zacht kokosnootstukjes zijn als zijde op de tong en worden aangevuld door de crispy verrassing van de kokosnootbiscuit, wat doet denken aan de binnenkant van de bekende kokosmakron.<\/p>\n<ul>\n<li>150 gram<\/li>\n<li><span style=\"color: #323232\">UTZ gecertificeerd<\/span><\/li>\n<li>bevat alleen natuurlijke ingredi\u00ebnten<\/li>\n<li><span style=\"color: #323232\">vegetarisch<\/span><\/li>\n<\/ul>\n<p><span style=\"color: #323232\">\u200b<\/span><\/p>\n<p dir=\"ltr\"><span style=\"font-size: 14.4px\">Merk: Johnny Doodle<\/span><\/p>","protected":false},"excerpt":{"rendered":"<p>Zoeter dan zoet. Ge\u00efnspireerd op het klassieke dessert de \u2018Pavlova\u2019, is de White Strawberry Meringue tot stand gekomen.<\/p>","protected":false},"featured_media":263918,"comment_status":"open","ping_status":"closed","template":"","meta":[],"product_brand":[],"product_cat":[427,294],"product_tag":[562,563,420,319,320,468,564],"class_list":{"0":"post-211119","1":"product","2":"type-product","3":"status-publish","4":"has-post-thumbnail","6":"product_cat-chocolade","7":"product_cat-losse-kraamkados","8":"product_tag-chocolade","9":"product_tag-chocoladereep","10":"product_tag-johnny-doodle","11":"product_tag-kraamkado","12":"product_tag-losse-kraamkados","13":"product_tag-mama","14":"product_tag-reep","16":"first","17":"outofstock","18":"taxable","19":"shipping-taxable","20":"purchasable","21":"product-type-simple"},"bundle_layout":"","bundled_by":[],"bundled_items":[],"_links":{"self":[{"href":"https:\/\/kraamkado.nl\/en\/wp-json\/wp\/v2\/product\/211119","targetHints":{"allow":["GET"]}}],"collection":[{"href":"https:\/\/kraamkado.nl\/en\/wp-json\/wp\/v2\/product"}],"about":[{"href":"https:\/\/kraamkado.nl\/en\/wp-json\/wp\/v2\/types\/product"}],"replies":[{"embeddable":true,"href":"https:\/\/kraamkado.nl\/en\/wp-json\/wp\/v2\/comments?post=211119"}],"wp:featuredmedia":[{"embeddable":true,"href":"https:\/\/kraamkado.nl\/en\/wp-json\/wp\/v2\/media\/263918"}],"wp:attachment":[{"href":"https:\/\/kraamkado.nl\/en\/wp-json\/wp\/v2\/media?parent=211119"}],"wp:term":[{"taxonomy":"product_brand","embeddable":true,"href":"https:\/\/kraamkado.nl\/en\/wp-json\/wp\/v2\/product_brand?post=211119"},{"taxonomy":"product_cat","embeddable":true,"href":"https:\/\/kraamkado.nl\/en\/wp-json\/wp\/v2\/product_cat?post=211119"},{"taxonomy":"product_tag","embeddable":true,"href":"https:\/\/kraamkado.nl\/en\/wp-json\/wp\/v2\/product_tag?post=211119"}],"curies":[{"name":"wp","href":"https:\/\/api.w.org\/{rel}","templated":true}]}}