{"id":210955,"date":"2019-04-18T22:33:53","date_gmt":"2019-04-18T20:33:53","guid":{"rendered":"http:\/\/www.kraamkado.nl\/?post_type=product&#038;p=210955"},"modified":"2021-03-25T11:28:54","modified_gmt":"2021-03-25T10:28:54","slug":"naif-purifying-body-scrub-mama","status":"publish","type":"product","link":"https:\/\/kraamkado.nl\/en\/product\/naif-purifying-body-scrub-mama\/","title":{"rendered":"Na\u00eff Purifying Body Scrub &#8211; MAMA"},"content":{"rendered":"<p><strong>Verwijderd onzuiverheden, Eco-friendly met fijne rijstkorrels in plaats van plastic en vrij van harde chemicalien.<\/strong><\/p>\n<p>Ook jij mag jezelf wel eens trakteren op een lekker spa momentje. Met de Na\u00eff Purifying Bodyscrub, scrub je je huid heerlijk zacht! Natuurlijke ingredienten zoals Macadamia-, Avocado-, en zoete amandelolie geven je huid een echte boost!<br \/>\nIn de meeste scrubs worden plastic balletjes gebruikt. Dit is natuurlijk niet oke. Deze balletjes komen zo de natuur in. Na\u00eff heeft daarom gekozen om rijstkorreltjes in haar srub te verwerken. Rijst verwijdert niet alleen onzuiverdheden maar is ook nog eens heerlijk hydraterend.<\/p>\n<p>Bij kraamkado staan wij uiteraard voor het verwennen van de pasgeboren baby, maar hoe leuk is het om ook de mama trakteren en haar een heerlijk verwenmomentje te bezorgen? Combineer \u00e9\u00e9n van de heerlijke verzorgingsproducten voor de vrouw samen met bijvoorbeeld een lekkere badolie of cr\u00e9me voor de baby. Wil je er een nog groter feest van maken? Kies je favoriete producten en wij pakken dit als een feestje in!<\/p>\n<p><strong>Ingredienten:<\/strong>\u00a0Water, Macadamia Olie, Zoete Amandelolie, Rijst, Avocado-Olie, Glycerine (plantaardige alcohol op basis van gefermenteerde suiker, trekt vocht uit de lucht aan), Lijnzaadolie, Vitamine E (plantaardig), Zonnebloemolie, Kamille, Xanthaan Gom (verdikkingsmiddel uit suiker), Hypoallergeen Parfum en Citroenzuur<\/p>","protected":false},"excerpt":{"rendered":"<p>Voor MAMA, even tijd voor jezelf, scrub je huid heerlijk zacht.<\/p>","protected":false},"featured_media":209897,"comment_status":"open","ping_status":"closed","template":"","meta":[],"product_brand":[],"product_cat":[294,424,307],"product_tag":[468,469,442],"class_list":{"0":"post-210955","1":"product","2":"type-product","3":"status-publish","4":"has-post-thumbnail","6":"product_cat-losse-kraamkados","7":"product_cat-mama","8":"product_cat-baby-verzorging","9":"product_tag-mama","10":"product_tag-scrub","11":"product_tag-verzorgingsproducten","13":"first","14":"outofstock","15":"taxable","16":"shipping-taxable","17":"purchasable","18":"product-type-simple"},"bundle_layout":"","bundled_by":[],"bundled_items":[],"_links":{"self":[{"href":"https:\/\/kraamkado.nl\/en\/wp-json\/wp\/v2\/product\/210955","targetHints":{"allow":["GET"]}}],"collection":[{"href":"https:\/\/kraamkado.nl\/en\/wp-json\/wp\/v2\/product"}],"about":[{"href":"https:\/\/kraamkado.nl\/en\/wp-json\/wp\/v2\/types\/product"}],"replies":[{"embeddable":true,"href":"https:\/\/kraamkado.nl\/en\/wp-json\/wp\/v2\/comments?post=210955"}],"wp:featuredmedia":[{"embeddable":true,"href":"https:\/\/kraamkado.nl\/en\/wp-json\/wp\/v2\/media\/209897"}],"wp:attachment":[{"href":"https:\/\/kraamkado.nl\/en\/wp-json\/wp\/v2\/media?parent=210955"}],"wp:term":[{"taxonomy":"product_brand","embeddable":true,"href":"https:\/\/kraamkado.nl\/en\/wp-json\/wp\/v2\/product_brand?post=210955"},{"taxonomy":"product_cat","embeddable":true,"href":"https:\/\/kraamkado.nl\/en\/wp-json\/wp\/v2\/product_cat?post=210955"},{"taxonomy":"product_tag","embeddable":true,"href":"https:\/\/kraamkado.nl\/en\/wp-json\/wp\/v2\/product_tag?post=210955"}],"curies":[{"name":"wp","href":"https:\/\/api.w.org\/{rel}","templated":true}]}}