{"id":210924,"date":"2019-04-18T20:24:47","date_gmt":"2019-04-18T18:24:47","guid":{"rendered":"http:\/\/www.kraamkado.nl\/?post_type=product&#038;p=210924"},"modified":"2023-06-29T08:21:31","modified_gmt":"2023-06-29T06:21:31","slug":"naif-travel-kit","status":"publish","type":"product","link":"https:\/\/kraamkado.nl\/en\/product\/naif-travel-kit\/","title":{"rendered":"Na\u00eff Travel Kit"},"content":{"rendered":"<div class=\"product-long-description\">\n<p>Ik ga op reis en neem mee\u2026 De Travel Kit! Ideaal voor op reis, vakantie of als je kroost uit logeren gaat. In de Na\u00eff Travel Kit zitten vier handige producten, in reisformaat. Dus geen gezeur bij de douane. Ook fijn. Inclusief toilettas, gemaakt van recyclebaar karton. En we zijn nog niet klaar: je krijgt er ook een hydrofiele doek bij.<\/p>\n<p>In de Travel Kit:<\/p>\n<p>Verzachtende bodylotion: Voor elke dag. Hydrateert, voedt en herstelt. Heerlijk voor na een warme douche of bad. Smeer gelijk ook even je eigen handen ermee in.<\/p>\n<p>Milde babyshampoo: Het is verrassend wat je soms allemaal uit het haar van je mini-me tovert. Daarom is onze milde babyshampoo perfect om het kapsel weer schoon en in model te krijgen. Zeer belangrijk: prikt niet in de ogen!<\/p>\n<p>Milde zeepvrije wasgel: Met de Na\u00eff zeepvrije wasgel krijg je die stifthanden en broccoliresten wel schoon. Uiteraard is onze wasgel zacht en verzorgend voor de jonge huid. Ook geschikt voor de extreme huid of eczeem.<\/p>\n<p>Vette cr\u00e8me: D\u00e9 perfecte cr\u00e8me voor droge plekken of een huid met eczeem. Onze Nuturing Cream verzorgt, beschermt en herstelt.<\/p>\n<\/div>\n<div class=\"shipping-module\"><\/div>\n<p>&nbsp;<\/p>","protected":false},"excerpt":{"rendered":"<p>Travel kit bevat heerlijke verzorgingsproducten voor je baby, vooral handig als je een weekendje weg gaat of voor op vakantie.<\/p>","protected":false},"featured_media":210962,"comment_status":"open","ping_status":"closed","template":"","meta":[],"product_brand":[],"product_cat":[304,309,294,307],"product_tag":[466,421,464,463,465,442,460],"class_list":{"0":"post-210924","1":"product","2":"type-product","3":"status-publish","4":"has-post-thumbnail","6":"product_cat-verzorging","7":"product_cat-baby-bad","8":"product_cat-losse-kraamkados","9":"product_cat-baby-verzorging","10":"product_tag-body-lotion","11":"product_tag-naif","12":"product_tag-reis","13":"product_tag-travel","14":"product_tag-verzorgende-creme","15":"product_tag-verzorgingsproducten","16":"product_tag-wasgel","18":"first","19":"outofstock","20":"taxable","21":"shipping-taxable","22":"purchasable","23":"product-type-simple"},"bundle_layout":"","bundled_by":[],"bundled_items":[],"_links":{"self":[{"href":"https:\/\/kraamkado.nl\/en\/wp-json\/wp\/v2\/product\/210924","targetHints":{"allow":["GET"]}}],"collection":[{"href":"https:\/\/kraamkado.nl\/en\/wp-json\/wp\/v2\/product"}],"about":[{"href":"https:\/\/kraamkado.nl\/en\/wp-json\/wp\/v2\/types\/product"}],"replies":[{"embeddable":true,"href":"https:\/\/kraamkado.nl\/en\/wp-json\/wp\/v2\/comments?post=210924"}],"wp:featuredmedia":[{"embeddable":true,"href":"https:\/\/kraamkado.nl\/en\/wp-json\/wp\/v2\/media\/210962"}],"wp:attachment":[{"href":"https:\/\/kraamkado.nl\/en\/wp-json\/wp\/v2\/media?parent=210924"}],"wp:term":[{"taxonomy":"product_brand","embeddable":true,"href":"https:\/\/kraamkado.nl\/en\/wp-json\/wp\/v2\/product_brand?post=210924"},{"taxonomy":"product_cat","embeddable":true,"href":"https:\/\/kraamkado.nl\/en\/wp-json\/wp\/v2\/product_cat?post=210924"},{"taxonomy":"product_tag","embeddable":true,"href":"https:\/\/kraamkado.nl\/en\/wp-json\/wp\/v2\/product_tag?post=210924"}],"curies":[{"name":"wp","href":"https:\/\/api.w.org\/{rel}","templated":true}]}}