{"id":210923,"date":"2019-04-18T20:06:42","date_gmt":"2019-04-18T18:06:42","guid":{"rendered":"http:\/\/www.kraamkado.nl\/?post_type=product&#038;p=210923"},"modified":"2023-06-05T12:11:36","modified_gmt":"2023-06-05T10:11:36","slug":"naif-relaxing-bath-foam","status":"publish","type":"product","link":"https:\/\/kraamkado.nl\/en\/product\/naif-relaxing-bath-foam\/","title":{"rendered":"Na\u00eff Relaxing Bath Foam"},"content":{"rendered":"<p>Na\u00eff milde Relaxing Bath Foam is een feest in bad. Gemaakt op basis van de beste ingredi\u00ebnten die de natuur ons te bieden heeft. De Relaxing Bath Foam zorgt voor subtiele bubbels met behulp van kokos en suiker. Relaxing Bath Foam van Na\u00eff prikt niet in de ogen en is extra zacht voor de gevoelige hoofdhuid voor jong en oud.<\/p>\n<ul>\n<li>Inhoud: 500 ml<\/li>\n<li>Dermatologisch getest<\/li>\n<li>PH-huid neutraal<\/li>\n<li>Hypo-allergeen \/ allergeenvrije parfum<\/li>\n<li>Geschikt voor de gevoelige huid<\/li>\n<li>Vrij van schadelijke ingredi\u00ebnten als PEG, SLS\/SLES, Phenoxyethanol, Parabenen en Minerale Olie<\/li>\n<li>Geschikt voor de gevoelige huid<\/li>\n<li>Zonder chemische schuimmiddelen<\/li>\n<li>Geschikt voor baby\u2019s en kids<\/li>\n<li>Te gebruiken bij eczeem en een droge huid<\/li>\n<\/ul>\n<p><strong>Ingredi\u00ebnten:<\/strong> Aqua,Coco-Glucoside,Sodium Coco-Sulfate,Cocamidopropyl Betaine,Glycerin, Citric Acid, Glyceryl Oleate, Hydrolyzed Wheat Protein, Gossypium Herbaceum Seed Extract, Sodium Levulinate, Sodium Anisate, Sodium Chloride, Parfum, Sodium Hydroxide<\/p>","protected":false},"excerpt":{"rendered":"<p>Relaxing Bath Foam van Na\u00eff prikt niet in de ogen en is extra zacht voor de gevoelige hoofdhuid voor jong en oud.<\/p>","protected":false},"featured_media":228015,"comment_status":"open","ping_status":"closed","template":"","meta":[],"product_brand":[],"product_cat":[304,309,294,307],"product_tag":[461,462,421,442],"class_list":{"0":"post-210923","1":"product","2":"type-product","3":"status-publish","4":"has-post-thumbnail","6":"product_cat-verzorging","7":"product_cat-baby-bad","8":"product_cat-losse-kraamkados","9":"product_cat-baby-verzorging","10":"product_tag-badschuim","11":"product_tag-bath-foam","12":"product_tag-naif","13":"product_tag-verzorgingsproducten","15":"first","16":"outofstock","17":"taxable","18":"shipping-taxable","19":"purchasable","20":"product-type-simple"},"bundle_layout":"","bundled_by":[],"bundled_items":[],"_links":{"self":[{"href":"https:\/\/kraamkado.nl\/en\/wp-json\/wp\/v2\/product\/210923","targetHints":{"allow":["GET"]}}],"collection":[{"href":"https:\/\/kraamkado.nl\/en\/wp-json\/wp\/v2\/product"}],"about":[{"href":"https:\/\/kraamkado.nl\/en\/wp-json\/wp\/v2\/types\/product"}],"replies":[{"embeddable":true,"href":"https:\/\/kraamkado.nl\/en\/wp-json\/wp\/v2\/comments?post=210923"}],"wp:featuredmedia":[{"embeddable":true,"href":"https:\/\/kraamkado.nl\/en\/wp-json\/wp\/v2\/media\/228015"}],"wp:attachment":[{"href":"https:\/\/kraamkado.nl\/en\/wp-json\/wp\/v2\/media?parent=210923"}],"wp:term":[{"taxonomy":"product_brand","embeddable":true,"href":"https:\/\/kraamkado.nl\/en\/wp-json\/wp\/v2\/product_brand?post=210923"},{"taxonomy":"product_cat","embeddable":true,"href":"https:\/\/kraamkado.nl\/en\/wp-json\/wp\/v2\/product_cat?post=210923"},{"taxonomy":"product_tag","embeddable":true,"href":"https:\/\/kraamkado.nl\/en\/wp-json\/wp\/v2\/product_tag?post=210923"}],"curies":[{"name":"wp","href":"https:\/\/api.w.org\/{rel}","templated":true}]}}