{"id":210915,"date":"2019-04-18T19:33:23","date_gmt":"2019-04-18T17:33:23","guid":{"rendered":"http:\/\/www.kraamkado.nl\/?post_type=product&#038;p=210915"},"modified":"2024-01-31T11:18:04","modified_gmt":"2024-01-31T10:18:04","slug":"naif-billencreme","status":"publish","type":"product","link":"https:\/\/kraamkado.nl\/en\/product\/naif-billencreme\/","title":{"rendered":"Na\u00eff Billencr\u00e8me"},"content":{"rendered":"<ul>\n<li>Kalmeert direct bij rode billen en luieruitslag<\/li>\n<li>Voor een zachte, rustige huid<\/li>\n<li>Trekt goed in, plakt niet<\/li>\n<li>Geschikt voor gevoelige huid<\/li>\n<li>Zonder parabenen of minerale oli\u00ebn<\/li>\n<li>Met extra veel zinkoxide<\/li>\n<li>Allergeenvrij<\/li>\n<\/ul>\n<p>Rode billen of luieruitslag? Na\u00eff billencr\u00e8me to the rescue! De billencr\u00e8me met extra veel zinkoxide kalmeert en verkoelt direct. Dankzij de kamille en Vitamine E herstelt de huid snel. Wel zo fijn, want van rode billen wordt niemand blij. Preventief te gebruiken vanaf dag \u00e9\u00e9n. Tussen de luiers door of tijdens de strijd. Een tip: laat de huid tussen het verschonen door even drogen aan de lucht. Smeert fijner \u00e9n is beter voor de huid.<\/p>\n<p>De cr\u00e8me heeft een zachte, allergeenvrije geur en een textuur die goed uitsmeert. Geen dikke massa dus, wel zo fijn voor pap of mams.\u00a0In een handige hygi\u00ebnische tube van\u00a0<strong>75ml<\/strong>, gemaakt van suikerriet.<\/p>\n<p>Good to know, de billencr\u00e8me is net als de rest van onze producten vrij van schadelijke stoffen. We gebruiken geen PEG, SLS\/SLES, Phenoxyethanol, Parabenen en Minerale Olie.<\/p>\n<p dir=\"ltr\"><strong>I<\/strong><\/p>","protected":false},"excerpt":{"rendered":"<p>Na\u00eff billencr\u00e8me, voor de verzorging van de billetjes.<\/p>","protected":false},"featured_media":233881,"comment_status":"open","ping_status":"closed","template":"","meta":[],"product_brand":[],"product_cat":[304,309,294,307],"product_tag":[443,456,444,421,442],"class_list":{"0":"post-210915","1":"product","2":"type-product","3":"status-publish","4":"has-post-thumbnail","6":"product_cat-verzorging","7":"product_cat-baby-bad","8":"product_cat-losse-kraamkados","9":"product_cat-baby-verzorging","10":"product_tag-babyverzorging","11":"product_tag-billencreme","12":"product_tag-billenzalf","13":"product_tag-naif","14":"product_tag-verzorgingsproducten","16":"first","17":"outofstock","18":"taxable","19":"shipping-taxable","20":"purchasable","21":"product-type-simple"},"bundle_layout":"","bundled_by":[],"bundled_items":[],"_links":{"self":[{"href":"https:\/\/kraamkado.nl\/en\/wp-json\/wp\/v2\/product\/210915","targetHints":{"allow":["GET"]}}],"collection":[{"href":"https:\/\/kraamkado.nl\/en\/wp-json\/wp\/v2\/product"}],"about":[{"href":"https:\/\/kraamkado.nl\/en\/wp-json\/wp\/v2\/types\/product"}],"replies":[{"embeddable":true,"href":"https:\/\/kraamkado.nl\/en\/wp-json\/wp\/v2\/comments?post=210915"}],"wp:featuredmedia":[{"embeddable":true,"href":"https:\/\/kraamkado.nl\/en\/wp-json\/wp\/v2\/media\/233881"}],"wp:attachment":[{"href":"https:\/\/kraamkado.nl\/en\/wp-json\/wp\/v2\/media?parent=210915"}],"wp:term":[{"taxonomy":"product_brand","embeddable":true,"href":"https:\/\/kraamkado.nl\/en\/wp-json\/wp\/v2\/product_brand?post=210915"},{"taxonomy":"product_cat","embeddable":true,"href":"https:\/\/kraamkado.nl\/en\/wp-json\/wp\/v2\/product_cat?post=210915"},{"taxonomy":"product_tag","embeddable":true,"href":"https:\/\/kraamkado.nl\/en\/wp-json\/wp\/v2\/product_tag?post=210915"}],"curies":[{"name":"wp","href":"https:\/\/api.w.org\/{rel}","templated":true}]}}