{"id":210765,"date":"2019-04-17T21:46:52","date_gmt":"2019-04-17T19:46:52","guid":{"rendered":"http:\/\/www.kraamkado.nl\/?post_type=product&#038;p=210765"},"modified":"2026-03-12T10:56:21","modified_gmt":"2026-03-12T09:56:21","slug":"naif-baby-shampoo","status":"publish","type":"product","link":"https:\/\/kraamkado.nl\/en\/product\/naif-baby-shampoo\/","title":{"rendered":"Na\u00eff Baby Shampoo"},"content":{"rendered":"<p style=\"font-weight: 400\">Na\u00eff milde babyshampoo maakt het haar zacht en glanzend. Gemaakt op basis van de beste ingredi\u00ebnten die de natuur ons te bieden heeft. Zoals extract van katoenzaad en glutenvrije tarweprote\u00efne.<\/p>\n<ul style=\"font-weight: 400\">\n<li>Inhoud: 200 ml<\/li>\n<li>Dermatologisch getest<\/li>\n<li>PH-huid neutraal<\/li>\n<li>Hypo-allergeen \/ allergeenvrije parfum<\/li>\n<li>Geschikt voor de gevoelige huid<\/li>\n<li>Vrij van schadelijke ingredi\u00ebnten als PEG, SLS\/SLES, Phenoxyethanol, Parabenen en Minerale Olie<\/li>\n<li>Geschikt voor de gevoelige huid<\/li>\n<\/ul>\n<p style=\"font-weight: 400\"><b>Ingredi\u00ebnten:<\/b> Aqua,Coco-Glucoside,Sodium Coco-Sulfate,Cocamidopropyl Betaine,Glycerin, Citric Acid, Glyceryl Oleate, Hydrolyzed Wheat Protein, Gossypium Herbaceum Seed Extract, Sodium Levulinate, Sodium Anisate, Sodium Chloride, Parfum, Sodium Hydroxide<\/p>","protected":false},"excerpt":{"rendered":"<p>Milde Baby Shampoo van Na\u00eff prikt niet in de ogen en is extra zacht voor de gevoelige hoofdhuid.<\/p>","protected":false},"featured_media":229243,"comment_status":"open","ping_status":"closed","template":"","meta":[],"product_brand":[],"product_cat":[304,309,294,307],"product_tag":[448,443,421,442],"class_list":{"0":"post-210765","1":"product","2":"type-product","3":"status-publish","4":"has-post-thumbnail","6":"product_cat-verzorging","7":"product_cat-baby-bad","8":"product_cat-losse-kraamkados","9":"product_cat-baby-verzorging","10":"product_tag-baby-shampoo","11":"product_tag-babyverzorging","12":"product_tag-naif","13":"product_tag-verzorgingsproducten","15":"first","16":"instock","17":"taxable","18":"shipping-taxable","19":"purchasable","20":"product-type-simple"},"bundle_layout":"","bundled_by":["214845","211032"],"bundled_items":[],"_links":{"self":[{"href":"https:\/\/kraamkado.nl\/en\/wp-json\/wp\/v2\/product\/210765","targetHints":{"allow":["GET"]}}],"collection":[{"href":"https:\/\/kraamkado.nl\/en\/wp-json\/wp\/v2\/product"}],"about":[{"href":"https:\/\/kraamkado.nl\/en\/wp-json\/wp\/v2\/types\/product"}],"replies":[{"embeddable":true,"href":"https:\/\/kraamkado.nl\/en\/wp-json\/wp\/v2\/comments?post=210765"}],"wp:featuredmedia":[{"embeddable":true,"href":"https:\/\/kraamkado.nl\/en\/wp-json\/wp\/v2\/media\/229243"}],"wp:attachment":[{"href":"https:\/\/kraamkado.nl\/en\/wp-json\/wp\/v2\/media?parent=210765"}],"wp:term":[{"taxonomy":"product_brand","embeddable":true,"href":"https:\/\/kraamkado.nl\/en\/wp-json\/wp\/v2\/product_brand?post=210765"},{"taxonomy":"product_cat","embeddable":true,"href":"https:\/\/kraamkado.nl\/en\/wp-json\/wp\/v2\/product_cat?post=210765"},{"taxonomy":"product_tag","embeddable":true,"href":"https:\/\/kraamkado.nl\/en\/wp-json\/wp\/v2\/product_tag?post=210765"}],"curies":[{"name":"wp","href":"https:\/\/api.w.org\/{rel}","templated":true}]}}