{"id":210763,"date":"2019-04-17T21:18:05","date_gmt":"2019-04-17T19:18:05","guid":{"rendered":"http:\/\/www.kraamkado.nl\/?post_type=product&#038;p=210763"},"modified":"2025-11-21T16:33:37","modified_gmt":"2025-11-21T15:33:37","slug":"creme-olie-wasgel-baby-kids","status":"publish","type":"product","link":"https:\/\/kraamkado.nl\/en\/product\/creme-olie-wasgel-baby-kids\/","title":{"rendered":"Happy Earth 100% Natuurlijke Cream Oil Wash for Baby &#038; Kids 200ML"},"content":{"rendered":"<p>Happy Earth Cr\u00e8me Olie Wasgel voor Baby &amp; Kids bevat alleen 100% natuurlijke ingredi\u00ebnten die zijn gecertificeerd door Natrue. Daarnaast bevat de cr\u00e8me olie wasgel 0% SLS\/SLES en is deze zeepvrij, zodat je zeker weet dat je geen schadelijke producten aanbrengt op de huid van jouw baby. De wasgel bevat rijke natuurlijke oli\u00ebn die helpen de huid te hydraten en te verzorgen. Het is extra mild voor de gevoelige huid van baby\u2019s en kinderen en is direct te gebruiken vanaf de geboorte. De wasolie heeft een heerlijk, allergeenvrijparfum en is biologisch afbreekbaar. Na gebruik van deze wasolie is de huid van je baby zacht en ruikt heerlijk.<\/p>\n<p>Dit product is, net als alle andere producten van Happy Earth, gecertificeerd vegan en microplasticvrij. De verpakking is een 100% biobased tube gemaakt van suikerriet en wij produceren al onze producten lokaal in Nederland met groene energie.<\/p>\n<p>* 100% natuurlijke ingredi\u00ebnten<br \/>\n* Met amandel- en zonnebloemolie<br \/>\n* 0% SLS\/ SLES en zonder andere chemicali\u00ebn<br \/>\n* Geschikt voor pasgeborenen<br \/>\n* Vegan en NATRUE gecertificeerd<br \/>\n* Geen microplastics<br \/>\n* 100% biologisch afbreekbaar<br \/>\n* Heerlijke geur (allergeenvrij)<br \/>\n* Tube gemaakt van suikerriet<br \/>\n* Geproduceerd in NL met groene energie<\/p>\n<p><strong>100% natuurlijke ingredi\u00ebnten<\/strong><\/p>\n<p>Aqua, Coco-Glucoside, Prunus Amygdalus Dulcis Oil*, Glycerin, Parfum, Glyceryl Oleate, Carrageenan, Xanthan Gum, Lactic Acid, Tocopherol, Helianthus Annuus Seed Oil*, Hydrogenated Palm Glycerides Citrate, Levulinic Acid, Sodium Levulinate, Sodium Anisate, Citric Acid.<\/p>\n<p>* Natural oil<\/p>","protected":false},"excerpt":{"rendered":"<p>De wasolie heeft een heerlijk, allergeenvrijparfum en is biologisch afbreekbaar. Na gebruik van deze wasolie is de huid van je baby zacht en ruikt heerlijk.<\/p>","protected":false},"featured_media":279722,"comment_status":"open","ping_status":"closed","template":"","meta":[],"product_brand":[],"product_cat":[304,294,307],"product_tag":[447,443,717,442],"class_list":{"0":"post-210763","1":"product","2":"type-product","3":"status-publish","4":"has-post-thumbnail","6":"product_cat-verzorging","7":"product_cat-losse-kraamkados","8":"product_cat-baby-verzorging","9":"product_tag-babyolie","10":"product_tag-babyverzorging","11":"product_tag-happy-earth","12":"product_tag-verzorgingsproducten","14":"first","15":"outofstock","16":"taxable","17":"shipping-taxable","18":"purchasable","19":"product-type-simple"},"bundle_layout":"","bundled_by":[],"bundled_items":[],"_links":{"self":[{"href":"https:\/\/kraamkado.nl\/en\/wp-json\/wp\/v2\/product\/210763","targetHints":{"allow":["GET"]}}],"collection":[{"href":"https:\/\/kraamkado.nl\/en\/wp-json\/wp\/v2\/product"}],"about":[{"href":"https:\/\/kraamkado.nl\/en\/wp-json\/wp\/v2\/types\/product"}],"replies":[{"embeddable":true,"href":"https:\/\/kraamkado.nl\/en\/wp-json\/wp\/v2\/comments?post=210763"}],"wp:featuredmedia":[{"embeddable":true,"href":"https:\/\/kraamkado.nl\/en\/wp-json\/wp\/v2\/media\/279722"}],"wp:attachment":[{"href":"https:\/\/kraamkado.nl\/en\/wp-json\/wp\/v2\/media?parent=210763"}],"wp:term":[{"taxonomy":"product_brand","embeddable":true,"href":"https:\/\/kraamkado.nl\/en\/wp-json\/wp\/v2\/product_brand?post=210763"},{"taxonomy":"product_cat","embeddable":true,"href":"https:\/\/kraamkado.nl\/en\/wp-json\/wp\/v2\/product_cat?post=210763"},{"taxonomy":"product_tag","embeddable":true,"href":"https:\/\/kraamkado.nl\/en\/wp-json\/wp\/v2\/product_tag?post=210763"}],"curies":[{"name":"wp","href":"https:\/\/api.w.org\/{rel}","templated":true}]}}