{"id":210762,"date":"2019-04-17T21:12:36","date_gmt":"2019-04-17T19:12:36","guid":{"rendered":"http:\/\/www.kraamkado.nl\/?post_type=product&#038;p=210762"},"modified":"2025-07-18T15:38:11","modified_gmt":"2025-07-18T13:38:11","slug":"handsoap-happy-earth","status":"publish","type":"product","link":"https:\/\/kraamkado.nl\/en\/product\/handsoap-happy-earth\/","title":{"rendered":"Handsoap Happy Earth"},"content":{"rendered":"<p>HAPPY EARTH HAND SOAP is 100% natuurlijk, 100% effectief en bevat 0% chemicali\u00ebn.<\/p>\n<p>Verrukkelijke cedar lime geur vermengd met een vleugje vrolijkheid: antibacteri\u00eble, biologisch afbreekbare en plantaardige formule met botanische extracten en essenti\u00eble oli\u00ebn.<\/p>\n<p>In HAPPY EARTH HAND SOAP gebruiken we alleen ingredi\u00ebnten waar jouw huid blij van wordt. Als je iets op je huid aanbrengt en door het putje spoelt, is het fijn om te weten dat er geen vervuilende en vervelende ingredi\u00ebnten in zitten zoals SLS\/SLES, parabenen, kleurstoffen of andere nare toevoegingen. Daarom dragen wij met trots de keurmerken van NATRUE en Vegan Society. En onze handzeepflessen zijn gemaakt van 100% gerecycled<\/p>","protected":false},"excerpt":{"rendered":"<p>Handzeep happy Earth Cedar Lime<\/p>","protected":false},"featured_media":289213,"comment_status":"open","ping_status":"closed","template":"","meta":[],"product_brand":[],"product_cat":[304,294,307],"product_tag":[443,772,717,442],"class_list":{"0":"post-210762","1":"product","2":"type-product","3":"status-publish","4":"has-post-thumbnail","6":"product_cat-verzorging","7":"product_cat-losse-kraamkados","8":"product_cat-baby-verzorging","9":"product_tag-babyverzorging","10":"product_tag-handzeep","11":"product_tag-happy-earth","12":"product_tag-verzorgingsproducten","14":"first","15":"instock","16":"taxable","17":"shipping-taxable","18":"purchasable","19":"product-type-simple"},"bundle_layout":"","bundled_by":["211229","211228"],"bundled_items":[],"_links":{"self":[{"href":"https:\/\/kraamkado.nl\/en\/wp-json\/wp\/v2\/product\/210762","targetHints":{"allow":["GET"]}}],"collection":[{"href":"https:\/\/kraamkado.nl\/en\/wp-json\/wp\/v2\/product"}],"about":[{"href":"https:\/\/kraamkado.nl\/en\/wp-json\/wp\/v2\/types\/product"}],"replies":[{"embeddable":true,"href":"https:\/\/kraamkado.nl\/en\/wp-json\/wp\/v2\/comments?post=210762"}],"wp:featuredmedia":[{"embeddable":true,"href":"https:\/\/kraamkado.nl\/en\/wp-json\/wp\/v2\/media\/289213"}],"wp:attachment":[{"href":"https:\/\/kraamkado.nl\/en\/wp-json\/wp\/v2\/media?parent=210762"}],"wp:term":[{"taxonomy":"product_brand","embeddable":true,"href":"https:\/\/kraamkado.nl\/en\/wp-json\/wp\/v2\/product_brand?post=210762"},{"taxonomy":"product_cat","embeddable":true,"href":"https:\/\/kraamkado.nl\/en\/wp-json\/wp\/v2\/product_cat?post=210762"},{"taxonomy":"product_tag","embeddable":true,"href":"https:\/\/kraamkado.nl\/en\/wp-json\/wp\/v2\/product_tag?post=210762"}],"curies":[{"name":"wp","href":"https:\/\/api.w.org\/{rel}","templated":true}]}}